{"id":68,"date":"2012-07-28T18:01:03","date_gmt":"2012-07-28T17:01:03","guid":{"rendered":"http:\/\/www.mathieuperona.fr\/?page_id=68"},"modified":"2022-05-13T20:00:32","modified_gmt":"2022-05-13T19:00:32","slug":"publications","status":"publish","type":"page","link":"https:\/\/www.mathieuperona.fr\/?page_id=68","title":{"rendered":"Publications"},"content":{"rendered":"\n<h2 class=\"wp-block-heading\">Notes d&rsquo;analyse<\/h2>\n\n\n\n<p class=\"has-text-align-left\">Je participe \u00e0 la plupart des <em>Notes<\/em> de l&rsquo;Observatoire du bien-\u00eatre : <a href=\"http:\/\/www.cepremap.fr\/bien-etre-travail-et-politiques-publiques\/observatoire-bien-etre\/publications\/\" target=\"_blank\" rel=\"noreferrer noopener\">liste compl\u00e8te<\/a><\/p>\n\n\n\n<h2 class=\"wp-block-heading\">Articles acad\u00e9miques<\/h2>\n\n\n\n<p>\u00ab\u00a0Comment les quotas de diffusion radiophonique nuisent \u00e0 la diversit\u00e9,\u00a0\u00bb <em>Revue \u00e9conomique<\/em>, Presses de Sciences-Po, 2011, vol. 62(3), pages 511-520.<\/p>\n\n\n\n<h2 class=\"wp-block-heading\">Livres<\/h2>\n\n\n\n<div class=\"wp-block-image\"><figure class=\"alignright size-full is-resized\"><a href=\"https:\/\/www.mathieuperona.fr\/wp-content\/uploads\/2022\/01\/9782415000189.jpg\"><img loading=\"lazy\" decoding=\"async\" data-attachment-id=\"346\" data-permalink=\"https:\/\/www.mathieuperona.fr\/?attachment_id=346\" data-orig-file=\"https:\/\/www.mathieuperona.fr\/wp-content\/uploads\/2022\/01\/9782415000189.jpg\" data-orig-size=\"350,531\" data-comments-opened=\"1\" data-image-meta=\"{&quot;aperture&quot;:&quot;0&quot;,&quot;credit&quot;:&quot;&quot;,&quot;camera&quot;:&quot;&quot;,&quot;caption&quot;:&quot;&quot;,&quot;created_timestamp&quot;:&quot;0&quot;,&quot;copyright&quot;:&quot;&quot;,&quot;focal_length&quot;:&quot;0&quot;,&quot;iso&quot;:&quot;0&quot;,&quot;shutter_speed&quot;:&quot;0&quot;,&quot;title&quot;:&quot;&quot;,&quot;orientation&quot;:&quot;0&quot;}\" data-image-title=\"9782415000189\" data-image-description=\"\" data-image-caption=\"\" data-medium-file=\"https:\/\/www.mathieuperona.fr\/wp-content\/uploads\/2022\/01\/9782415000189-198x300.jpg\" data-large-file=\"https:\/\/www.mathieuperona.fr\/wp-content\/uploads\/2022\/01\/9782415000189.jpg\" src=\"https:\/\/www.mathieuperona.fr\/wp-content\/uploads\/2022\/01\/9782415000189.jpg\" alt=\"\" class=\"wp-image-346\" width=\"175\" height=\"266\" srcset=\"https:\/\/www.mathieuperona.fr\/wp-content\/uploads\/2022\/01\/9782415000189.jpg 350w, https:\/\/www.mathieuperona.fr\/wp-content\/uploads\/2022\/01\/9782415000189-198x300.jpg 198w\" sizes=\"auto, (max-width: 175px) 100vw, 175px\" \/><\/a><\/figure><\/div>\n\n\n\n<h3 class=\"wp-block-heading\">Homo Sapiens dans la cit\u00e9<\/h3>\n\n\n\n<p><em>Homo Sapiens dans la Cit\u00e9 : Comment adapter l&rsquo;action publique \u00e0 la psychologie humaine<\/em>, co-\u00e9crit avec Coralie Chevallier. <a href=\"https:\/\/www.odilejacob.fr\/catalogue\/sciences\/neurosciences\/homo-sapiens-dans-la-cite_9782415000189.php\">Paris, Odile Jacob, 2022<\/a>.<\/p>\n\n\n\n<p>Pourquoi les humains se souviennent-ils d\u2019un visage rencontr\u00e9 cinquante ans plus t\u00f4t, mais oublient de payer leurs factures \u00e0 l\u2019heure\u2009? Pourquoi n\u2019arrive-t-on pas \u00e0 r\u00e9duire les \u00e9missions de CO2 dans l\u2019atmosph\u00e8re, alors que nous sommes tous concern\u00e9s par la survie de la plan\u00e8te\u2009?<br \/>Malgr\u00e9 nous, nos contradictions int\u00e9rieures freinent le changement de nos comportements au service du bien commun. Ces \u00e9carts avec le citoyen parfait r\u00e9sultent de l\u2019adaptation extr\u00eamement efficace des humains \u00e0 leur environnement. Les auteurs expliquent comment l\u2019\u00e9volution a conditionn\u00e9 notre psychologie, notre rapport \u00e0 la d\u00e9cision et \u00e0 l\u2019action.<br \/>L\u2019enjeu n\u2019est donc pas de modifier la nature humaine, mais de concevoir une action publique qui int\u00e8gre pleinement le fonctionnement r\u00e9el de la cognition au service d\u2019une plus grande autonomie de chacun.<br \/>Illustr\u00e9 par des exemples concrets d\u2019exp\u00e9rimentations en France et \u00e0 l\u2019\u00e9tranger, ce livre montre comment les sciences comportementales peuvent red\u00e9finir en profondeur l\u2019action publique pour susciter des changements dans nos mani\u00e8res d\u2019agir.<\/p>\n\n\n\n<h3 class=\"wp-block-heading\"><em>Le Prix unique du livre \u00e0 l&rsquo;heure du num\u00e9rique<\/em><\/h3>\n\n\n\n<p><em>Le Prix unique du livre \u00e0 l&rsquo;heure du num\u00e9rique<\/em>, co-\u00e9crit avec <a title=\"Page professionnelle de J\u00e9r\u00f4me Pouyet\" href=\"https:\/\/sites.google.com\/site\/jeromepouyet\/\" target=\"_blank\" rel=\"noopener\">J\u00e9r\u00f4me Pouyet<\/a>.&nbsp;&nbsp;<a href=\"http:\/\/www.cepremap.ens.fr\/depot\/opus\/OPUS19.pdf\">texte int\u00e9gral<\/a>&nbsp;disponible sur le site du CEPREMAP,&nbsp;<a href=\"http:\/\/www.diffusion.ens.fr\/index.php?res=conf&amp;idconf=2913\">conf\u00e9rence de pr\u00e9sentation<\/a>&nbsp;et&nbsp;<a href=\"WP\/Presentation-opsucule.pdf\">diaporama de la conf\u00e9rence<\/a>.<\/p>\n\n\n\n<dl>\n<dt><cite>Le Prix unique \u00e0 l&rsquo;heure du num\u00e9rique<\/cite>, Rue d&rsquo;Ulm, Paris, 2010, 92&nbsp;pages, ISBN: 978-2-7288-0439-9<\/dt>\n<dd>Longtemps attendue, l&rsquo;\u00e9mergence du livre num\u00e9rique annonce l&rsquo;arriv\u00e9e de biens et d&rsquo;acteurs qui vont \u00e9branler le secteur de l&rsquo;\u00e9dition et de la vente de livres. Ce secteur est-il en mesure de r\u00e9agir \u00e0 l&rsquo;implantation d&rsquo;une nouvelle cha\u00eene du livre num\u00e9rique qui ne serait pas r\u00e9gie par ce dispositif central du livre physique qu&rsquo;est le prix unique? Tirant partie de la th\u00e9orie \u00e9conomique, des comparaisons internationales et des donn\u00e9es existantes, les auteurs avancent que le prix unique du livre n&rsquo;a m\u00e9rit\u00e9 ni l&rsquo;exc\u00e8s d&rsquo;honneur ni l&rsquo;indignit\u00e9 dont le d\u00e9bat public l&rsquo;a charg\u00e9. Ainsi, il n&rsquo;est pas certain que le prix unique ait eu des cons\u00e9quences importantes sur le prix du livre, pas plus que son absence dans d&rsquo;autres pays ne semble avoir v\u00e9ritablement nui \u00e0 la production \u00e9ditoriale. Dans sa forme actuelle toutefois, le prix unique du livre entrave partiellement le repositionnement des libraires sur leur apport essentiel \u00e0 la cha\u00eene du livre, num\u00e9rique comme physique : la cr\u00e9ation d&rsquo;information sur le livre et l&rsquo;appariement entre titres et lecteurs. Des modifications des relations entre \u00e9diteurs et libraires, associ\u00e9es \u00e0 un prix unique plus dynamique, permettraient ainsi au secteur du livre papier de mieux r\u00e9pondre \u00e0 l&rsquo;arriv\u00e9e de son alter ego num\u00e9rique.<\/dd>\n<\/dl>\n\n\n\n<p>Recensions de l&rsquo;ouvrage&nbsp;:<\/p>\n\n\n\n<ul class=\"wp-block-list\"><li>Sur nonfiction.fr\u00a0: \u00ab\u00a0<a href=\"http:\/\/www.nonfiction.fr\/article-3794-peut_on_se_passer_du_sacro_saint_prix_unique_du_livre_.htm\">Peut-on se passer du sacro-saint prix unique du livre\u00a0?<\/a>\u00a0\u00bb, par Elise Nicollet (26\u00a0septembre\u00a02010)<\/li><li>Sur la vie des id\u00e9es.fr\u00a0: \u00ab\u00a0<a href=\"http:\/\/www.laviedesidees.fr\/Bilan-du-livre-a-prix-unique.html\">Bilan du livre \u00e0 prix unique<\/a>\u00a0\u00bb, par Fran\u00e7oise Benhamou (16\u00a0novembre\u00a02010)<\/li><\/ul>\n\n\n\n<h2 class=\"wp-block-heading\">Rapports dirig\u00e9s ou r\u00e9dig\u00e9s \u00e0 titre principal<\/h2>\n\n\n\n<h3 class=\"wp-block-heading\">Le Bien-\u00eatre en France<\/h3>\n\n\n\n<h4 class=\"wp-block-heading\">Rapport 2020<\/h4>\n\n\n\n<p>Co-dirig\u00e9 avec Claudia Senik, CEPREMAP, f\u00e9vrier 2020. <a href=\"http:\/\/www.cepremap.fr\/publications\/le-bien-etre-en-france-rapport-2020\/\" target=\"_blank\" rel=\"noreferrer noopener\">Pr\u00e9sentation et t\u00e9l\u00e9chargement<\/a><\/p>\n\n\n\n<p>Depuis sa cr\u00e9ation, il y a quatre ans, l\u2019Observatoire du bien-\u00eatre se donne la mission de scruter le bien-\u00eatre des Fran\u00e7ais ; le pr\u00e9sent rapport vise \u00e0 donner une image de cette activit\u00e9, et ce faisant, \u00e0 dresser un portrait de la France au prisme du bien-\u00eatre subjectif. <\/p>\n\n\n\n<h4 class=\"wp-block-heading\">Rapport 2021<\/h4>\n\n\n\n<p>irig\u00e9 avec Claudia Senik, CEPREMAP, avril 2021. <a href=\"http:\/\/www.cepremap.fr\/publications\/le-bien-etre-en-france-rapport-2021\/\">Pr\u00e9sentation et t\u00e9l\u00e9chargement<\/a><\/p>\n\n\n\n<p>Ce deuxi\u00e8me rapport annuel de l\u2019Observatoire du bien-\u00eatre du CEPREMAP retrace les fluctuations du bien-\u00eatre des Fran\u00e7ais au gr\u00e9 des \u00e9pisodes impos\u00e9s par la crise sanitaire. Gr\u00e2ce \u00e0 son barom\u00e8tre trimestriel en vingt questions, il r\u00e9v\u00e8le un tableau en forme de montagnes russes, les p\u00e9riodes de confinement \u00e9tant de moins en moins bien support\u00e9es au fur et \u00e0 mesure qu\u2019elles se succ\u00e8dent. L\u2019alternance de resserrement et de rel\u00e2chement des mesures de distanciation sociale permet de mettre en \u00e9vidence le poids sp\u00e9cifique des liens sociaux dans le bien-\u00eatre. Certaines cat\u00e9gories de la population ont \u00e0 l\u2019\u00e9vidence pay\u00e9 un plus lourd tribut \u00e0 la crise sanitaire, les personnels de sant\u00e9 au premier chef, mais aussi les jeunes, enfants et adolescents, que la vie \u00e0 distance a priv\u00e9s des relations indispensables \u00e0 leur d\u00e9veloppement.<\/p>\n\n\n\n<h3 class=\"wp-block-heading\">Chauffage au bois et pollution<\/h3>\n\n\n\n<p>Co-r\u00e9daction avec Rita Abdel Sater, sous la direction de Coralie Chevallier et \u00c9lise Huillery, du rapport de diagnostic et du rapport final sur une exp\u00e9rimentation conduite pour le compte de la DRIEE \u00cele-de-France et la DITP.<br \/><a href=\"http:\/\/innovation-comportementale.fr\/2020\/07\/17\/chauffage-au-bois-et-pollution\/\" target=\"_blank\" rel=\"noreferrer noopener\">Page de pr\u00e9sentation du projet et acc\u00e8s aux rapports<\/a>.<\/p>\n\n\n\n<h2 class=\"wp-block-heading\">Chapitres dans des ouvrages collectifs<\/h2>\n\n\n\n<p>\u00ab\u00a0La neutralit\u00e9 d\u2019Internet : une analyse \u00e9conomique\u00a0\u00bb, dans Pascal Mbongo (ed.), <em>La r\u00e9gulation des m\u00e9dias et ses standards juridiques<\/em>, Mare &amp; Martin, coll. Libert\u00e9s, Auteurs et M\u00e9dias, 12\/2011, 208 pages, ISBN : 978-2-84934-091-2<\/p>\n\n\n\n<p>\u00ab\u00a0La gratuit\u00e9 des manuels scolaires : un handicap pour les librairies ind\u00e9pendantes ?\u00a0\u00bb, dans Pascal Mbongo (ed.), <em>Le prix de la culture: La gratuit\u00e9 au prisme du droit et de l&rsquo;\u00e9conomie<\/em>, Mare &amp; Martin, coll. Libert\u00e9s, Auteurs et M\u00e9dias, 05\/2011, 206 pages, ISBN : 978-2849340790<\/p>\n\n\n\n<h2 class=\"wp-block-heading\">Publications en ligne<\/h2>\n\n\n\n<h3 class=\"wp-block-heading\">Notes de lecture<\/h3>\n\n\n\n<ul class=\"wp-block-list\"><li>Richard A. Posner,&nbsp;<cite>A Failure of Capitalism<\/cite>,&nbsp;<a href=\"http:\/\/www.laviedesidees.fr\/Une-analyse-conservatrice-de-la.html\">note<\/a>&nbsp;pour&nbsp;<em>La Vie des id\u00e9es.fr<\/em>, 09 octobre 2009<\/li><li>Marin Dacos et Pierre Mounier,&nbsp;<cite>L&rsquo;\u00c9dition \u00e9lectronique<\/cite>,&nbsp;<a href=\"http:\/\/www.laviedesidees.fr\/Les-electrons-libres-de-l-edition.html\">note<\/a>&nbsp;pour&nbsp;<em>La Vie des id\u00e9es.fr<\/em>, 08 novembre 2010<\/li><li>David Throsby,&nbsp;<cite>Economics and Culture<\/cite>,&nbsp;<a href=\"http:\/\/www.inaglobal.fr\/economie\/note-de-lecture\/david-throsby\/economics-and-culture\/economics-and-culture-la-reference-en-l\">note<\/a>&nbsp;pour&nbsp;<em>InaGlobal<\/em>, 11 octobre 2010<\/li><li>Victor Ginsburgh et David Throsby,&nbsp;<cite>Handbook of the Economics of the Arts and Culture<\/cite>,&nbsp;<a href=\"http:\/\/www.inaglobal.fr\/economie\/note-de-lecture\/victor-ginsburgh-et-david-throsby\/handbook-economics-art-and-culture\/handbo\">note<\/a>&nbsp;pour&nbsp;<em>InaGlobal<\/em>, 25 octobre 2010<\/li><\/ul>\n\n\n\n<h3 class=\"wp-block-heading\">Synth\u00e8ses<\/h3>\n\n\n\n<p>Pour&nbsp;<a href=\"http:\/\/www.inaglobal.fr\">InaGlobal<\/a><\/p>\n\n\n\n<ul class=\"wp-block-list\"><li><a href=\"http:\/\/www.inaglobal.fr\/edition\/article\/le-prix-unique-du-livre\">Le Prix unique du livre<\/a>, 22 octobre 2010<\/li><li><a href=\"http:\/\/www.inaglobal.fr\/edition\/article\/plate-formes-et-ventes-liees-au-royaume-du-livre-numerique\">Plates-formes et ventes li\u00e9es au royaume du livre num\u00e9rique<\/a>, 11 octobre 2010<\/li><li><a title=\"Neutralit\u00e9 du Net : un dogme intouchable&nbsp;?\" href=\"http:\/\/www.inaglobal.fr\/numerique\/article\/neutralite-du-net-un-dogme-intouchable\">Sur la neutralit\u00e9 du net<\/a>, 26 janvier 2011<\/li><\/ul>\n\n\n\n<p>Pour&nbsp;<a href=\"http:\/\/images.allocine.fr\/commons\/event\/contrechamps\/numero1.pdf\"><em>Contrechamps<\/em><\/a><\/p>\n\n\n\n<ul class=\"wp-block-list\"><li>\u00ab&nbsp;Portrait statistique du cin\u00e9ma&nbsp;\u00bb, synth\u00e8se descriptive du secteur cin\u00e9matographique fran\u00e7ais, p.&nbsp;12-22<\/li><li>\u00ab&nbsp;Lumi\u00e8re sur le succ\u00e8s des films&nbsp;\u00bb, synth\u00e8se de la litt\u00e9rature sur les lois statistiques du succ\u00e8s commercial des films, p.&nbsp;30-32<\/li><\/ul>\n\n\n\n<p>Pour&nbsp;<a href=\"http:\/\/www.panurge.org\">Panurge<\/a><\/p>\n\n\n\n<ul class=\"wp-block-list\"><li><a href=\"http:\/\/www.panurge.org\/spip.php?article8\">Croissance et crise \u00e9conomique dans l\u2019Italie de la Renaissance<\/a>, 11 avril 2007<\/li><li><a href=\"http:\/\/www.panurge.org\/spip.php?article20\">Concurrence et essor de la musique \u00e0 la Renaissance et \u00e0 l\u2019\u00e2ge Baroque<\/a>, 24 avril 2007<\/li><li><a href=\"http:\/\/www.panurge.org\/spip.php?article30\">L\u2019essor du m\u00e9tayage en France<\/a>, 02 ao\u00fbt 2007<\/li><li><a href=\"http:\/\/www.panurge.org\/spip.php?article169\">Les D\u00e9buts des march\u00e9s de l\u2019art en Europe<\/a>, 10 juin 2008<\/li><\/ul>\n\n\n\n<h2 class=\"wp-block-heading\">Opinions<\/h2>\n\n\n\n<ul class=\"wp-block-list\"><li><a title=\"Prix du livre num\u00e9rique : s'accrocher au connu au risque de se<br><\/a><br \/> tromper\u00a0\u00bb href=\u00a0\u00bbhttp:\/\/www.nonfiction.fr\/article-3970-prix_du_livre_numerique__saccrocher_au_connu_au_risque_de_se_tromper.htm\u00a0\u00bb>Prix du livre num\u00e9rique : s&rsquo;accrocher au connu au risque de se tromper&nbsp;sur&nbsp;<em>NonFiction.fr<\/em>, 08 d\u00e9cembre 2010, dans le cadre du dossier&nbsp;<a href=\"http:\/\/www.nonfiction.fr\/article-3967-pourquoi_les_editeurs_francais_courent_a_leur_perte.htm\">Pourquoi les \u00e9diteurs fran\u00e7ais courent \u00e0 leur perte<\/a><\/li><li><a href=\"http:\/\/www.latribune.fr\/opinions\/20110112trib000591156\/non-au-prix-unique-pour-le-livre-numerique.html\">Non au prix unique pour le livre num\u00e9rique<\/a>,&nbsp;<em>La Tribune<\/em>, 12 janvier 2011, co-sign\u00e9 avec J\u00e9r\u00f4me Pouyet<\/li><\/ul>\n\n\n\n<h2 class=\"wp-block-heading\">Rapports collectifs<\/h2>\n\n\n\n<p>Rapports et \u00e9tudes<\/p>\n\n\n\n<dl>\n<dt><cite>Capital humain, croissance et emploi \u00e0 l&rsquo;\u00e9chelle r\u00e9gionale. Le cas de la France.<\/cite><\/dt>\n<dd>avec Marc Gurgand et David Margolis, pour le Comit\u00e9 des r\u00e9gions de l&rsquo;Union Europ\u00e9enne.<\/dd>\n<\/dl>\n","protected":false},"excerpt":{"rendered":"<p>Notes d&rsquo;analyse Je participe \u00e0 la plupart des Notes de l&rsquo;Observatoire du bien-\u00eatre : liste compl\u00e8te Articles acad\u00e9miques \u00ab\u00a0Comment les quotas de diffusion radiophonique nuisent \u00e0 la diversit\u00e9,\u00a0\u00bb Revue \u00e9conomique, Presses de Sciences-Po, 2011, vol. 62(3), pages 511-520. Livres Homo Sapiens dans la cit\u00e9 Homo Sapiens dans la Cit\u00e9 : Comment adapter l&rsquo;action publique \u00e0 [&hellip;]<\/p>\n","protected":false},"author":1,"featured_media":0,"parent":0,"menu_order":0,"comment_status":"open","ping_status":"open","template":"","meta":{"jetpack_post_was_ever_published":false,"footnotes":""},"class_list":["post-68","page","type-page","status-publish","hentry"],"jetpack_shortlink":"https:\/\/wp.me\/P2mMdm-16","_links":{"self":[{"href":"https:\/\/www.mathieuperona.fr\/index.php?rest_route=\/wp\/v2\/pages\/68","targetHints":{"allow":["GET"]}}],"collection":[{"href":"https:\/\/www.mathieuperona.fr\/index.php?rest_route=\/wp\/v2\/pages"}],"about":[{"href":"https:\/\/www.mathieuperona.fr\/index.php?rest_route=\/wp\/v2\/types\/page"}],"author":[{"embeddable":true,"href":"https:\/\/www.mathieuperona.fr\/index.php?rest_route=\/wp\/v2\/users\/1"}],"replies":[{"embeddable":true,"href":"https:\/\/www.mathieuperona.fr\/index.php?rest_route=%2Fwp%2Fv2%2Fcomments&post=68"}],"version-history":[{"count":8,"href":"https:\/\/www.mathieuperona.fr\/index.php?rest_route=\/wp\/v2\/pages\/68\/revisions"}],"predecessor-version":[{"id":371,"href":"https:\/\/www.mathieuperona.fr\/index.php?rest_route=\/wp\/v2\/pages\/68\/revisions\/371"}],"wp:attachment":[{"href":"https:\/\/www.mathieuperona.fr\/index.php?rest_route=%2Fwp%2Fv2%2Fmedia&parent=68"}],"curies":[{"name":"wp","href":"https:\/\/api.w.org\/{rel}","templated":true}]}}