{"id":2,"date":"2012-03-04T17:29:18","date_gmt":"2012-03-04T17:29:18","guid":{"rendered":"http:\/\/www.mathieuperona.fr\/?page_id=2"},"modified":"2025-05-05T13:02:34","modified_gmt":"2025-05-05T12:02:34","slug":"page-d-exemple","status":"publish","type":"page","link":"https:\/\/www.mathieuperona.fr\/?page_id=2","title":{"rendered":"\u00c0 propos"},"content":{"rendered":"\n<figure class=\"wp-block-image alignleft size-thumbnail is-resized\"><a href=\"https:\/\/www.mathieuperona.fr\/wp-content\/uploads\/2022\/05\/Carre_Printemps_Eco.jpg\"><img loading=\"lazy\" decoding=\"async\" width=\"150\" height=\"150\" data-attachment-id=\"372\" data-permalink=\"https:\/\/www.mathieuperona.fr\/?attachment_id=372\" data-orig-file=\"https:\/\/www.mathieuperona.fr\/wp-content\/uploads\/2022\/05\/Carre_Printemps_Eco.jpg\" data-orig-size=\"553,553\" data-comments-opened=\"1\" data-image-meta=\"{&quot;aperture&quot;:&quot;2&quot;,&quot;credit&quot;:&quot;Adrien THIBAULT&quot;,&quot;camera&quot;:&quot;PENTAX K-1&quot;,&quot;caption&quot;:&quot;&quot;,&quot;created_timestamp&quot;:&quot;1634299678&quot;,&quot;copyright&quot;:&quot;http:\/\/adrienthibault.fr&quot;,&quot;focal_length&quot;:&quot;50&quot;,&quot;iso&quot;:&quot;800&quot;,&quot;shutter_speed&quot;:&quot;0.004&quot;,&quot;title&quot;:&quot;&quot;,&quot;orientation&quot;:&quot;1&quot;}\" data-image-title=\"Carre_Printemps_Eco\" data-image-description=\"\" data-image-caption=\"\" data-medium-file=\"https:\/\/www.mathieuperona.fr\/wp-content\/uploads\/2022\/05\/Carre_Printemps_Eco-300x300.jpg\" data-large-file=\"https:\/\/www.mathieuperona.fr\/wp-content\/uploads\/2022\/05\/Carre_Printemps_Eco.jpg\" src=\"https:\/\/www.mathieuperona.fr\/wp-content\/uploads\/2022\/05\/Carre_Printemps_Eco-150x150.jpg\" alt=\"\" class=\"wp-image-372\" title=\"Portrait\" srcset=\"https:\/\/www.mathieuperona.fr\/wp-content\/uploads\/2022\/05\/Carre_Printemps_Eco-150x150.jpg 150w, https:\/\/www.mathieuperona.fr\/wp-content\/uploads\/2022\/05\/Carre_Printemps_Eco-300x300.jpg 300w, https:\/\/www.mathieuperona.fr\/wp-content\/uploads\/2022\/05\/Carre_Printemps_Eco.jpg 553w\" sizes=\"auto, (max-width: 150px) 100vw, 150px\" \/><\/a><\/figure>\n\n\n\n<p>Actuellement Directeur ex\u00e9cutif de l&rsquo;<a href=\"http:\/\/www.cepremap.fr\/bien-etre-travail-et-politiques-publiques\/observatoire-bien-etre\/\">Observatoire du Bien-\u00eatre du CEPREMAP<\/a> et Secr\u00e9taire g\u00e9n\u00e9ral du Cepremap<\/p>\n\n\n\n<p>Auparavant responsable d&rsquo;\u00e9quipe M\u00e9thodes de Pilotage \u00e0 la Direction des risques de la Soci\u00e9t\u00e9 G\u00e9n\u00e9rale, j&rsquo;y dirigeais l&rsquo;\u00e9quipe m\u00e9thodologique en charge des mod\u00e8les de stress-test et de pilotage des risques (y compris volet ICAAP et int\u00e9gration entre stress-tests et mod\u00e8les IFRS-9).<\/p>\n\n\n\n<h2 class=\"wp-block-heading\">Ce site<\/h2>\n\n\n\n<p>Ce site accueille des textes et des documents qui pour la plupart ont \u00e9t\u00e9 publi\u00e9s sur mon ancienne page d&rsquo;\u00e9tudiant \u00e0 l&rsquo;\u00c9cole normale sup\u00e9rieure ainsi que sur ma page de chercheur \u00e0 l&rsquo;\u00c9cole d&rsquo;\u00e9conomie de Paris.<\/p>\n\n\n\n<h2 class=\"wp-block-heading\">R\u00e9seaux<\/h2>\n\n\n\n<h3 class=\"wp-block-heading\">Professionnels<\/h3>\n\n\n\n<ul class=\"wp-block-list\">\n<li><a title=\"Profil LinkedIn\" href=\"http:\/\/www.linkedin.com\/profile\/view?id=18468536&amp;trk=tab_pro\" target=\"_blank\" rel=\"noopener noreferrer\">LinkedIn<\/a><\/li>\n\n\n\n<li><a title=\"Profil Google\" href=\"https:\/\/plus.google.com\/u\/0\/117966726150646963337\/p\" target=\"_blank\" rel=\"noopener noreferrer\">Profil Google<\/a><\/li>\n<\/ul>\n\n\n\n<h3 class=\"wp-block-heading\">Recherche<\/h3>\n\n\n\n<ul class=\"wp-block-list\">\n<li><a title=\"Profile IDEAS\" href=\"http:\/\/ideas.repec.org\/f\/ppe402.html\" target=\"_blank\" rel=\"noopener noreferrer\">IDEAS<\/a><\/li>\n\n\n\n<li><a title=\"Profil sur Panurge\" href=\"http:\/\/panurge.org\/spip.php?article2\" target=\"_blank\" rel=\"noopener noreferrer\">Panurge<\/a><\/li>\n<\/ul>\n\n\n\n<h3 class=\"wp-block-heading\">Personnels<\/h3>\n\n\n\n<ul class=\"wp-block-list\">\n<li><a title=\"Blog Notes d'un \u00e9conomiste\" href=\"http:\/\/www.leconomiste-notes.fr\/\" target=\"_blank\" rel=\"noopener noreferrer\">Blog<\/a><\/li>\n\n\n\n<li><a href=\"https:\/\/mastodon.gougere.fr\/deck\/@MathieuP\">Compte Mastodon<\/a> <a href=\"http:\/\/<a rel=&quot;me&quot; href=&quot;https:\/\/mastodon.gougere.fr\/@MathieuP&quot;>Mastodon<\/a>\u00a0\u00bb data-type=\u00a0\u00bbpage\u00a0\u00bb data-id=\u00a0\u00bb401&Prime;>&nbsp;<\/li>\n\n\n\n<li><a title=\"Profil LibraryThing\" href=\"http:\/\/www.librarything.com\/profile\/MathieuPerona\" target=\"_blank\" rel=\"noopener noreferrer\">LibraryThing<\/a><\/li>\n\n\n\n<li><a title=\"Profil Facebook\" href=\"http:\/\/www.facebook.com\/mathieu.perona\" target=\"_blank\" rel=\"noopener noreferrer\">Facebook<\/a><\/li>\n<\/ul>\n\n\n\n<h3 class=\"wp-block-heading\">Hobbys<\/h3>\n\n\n\n<ul class=\"wp-block-list\">\n<li><a title=\"Compte sur la Wikip\u00e9dia francophone\" href=\"http:\/\/fr.wikipedia.org\/wiki\/Utilisateur:Bokken\" target=\"_blank\" rel=\"noopener noreferrer\">Compte Wikipedia<\/a><\/li>\n\n\n\n<li><a title=\"Profil sur le site du Paris Aikido Club\" href=\"http:\/\/www.parisaikidoclub.com\/spip\/spip.php?article524&amp;lang=fr\" target=\"_blank\" rel=\"noopener noreferrer\">Paris Aikido Club<\/a><\/li>\n<\/ul>\n","protected":false},"excerpt":{"rendered":"<p>Actuellement Directeur ex\u00e9cutif de l&rsquo;Observatoire du Bien-\u00eatre du CEPREMAP et Secr\u00e9taire g\u00e9n\u00e9ral du Cepremap Auparavant responsable d&rsquo;\u00e9quipe M\u00e9thodes de Pilotage \u00e0 la Direction des risques de la Soci\u00e9t\u00e9 G\u00e9n\u00e9rale, j&rsquo;y dirigeais l&rsquo;\u00e9quipe m\u00e9thodologique en charge des mod\u00e8les de stress-test et de pilotage des risques (y compris volet ICAAP et int\u00e9gration entre stress-tests et mod\u00e8les IFRS-9). [&hellip;]<\/p>\n","protected":false},"author":1,"featured_media":0,"parent":0,"menu_order":0,"comment_status":"open","ping_status":"open","template":"","meta":{"jetpack_post_was_ever_published":false,"footnotes":""},"class_list":["post-2","page","type-page","status-publish","hentry"],"jetpack_shortlink":"https:\/\/wp.me\/P2mMdm-2","_links":{"self":[{"href":"https:\/\/www.mathieuperona.fr\/index.php?rest_route=\/wp\/v2\/pages\/2","targetHints":{"allow":["GET"]}}],"collection":[{"href":"https:\/\/www.mathieuperona.fr\/index.php?rest_route=\/wp\/v2\/pages"}],"about":[{"href":"https:\/\/www.mathieuperona.fr\/index.php?rest_route=\/wp\/v2\/types\/page"}],"author":[{"embeddable":true,"href":"https:\/\/www.mathieuperona.fr\/index.php?rest_route=\/wp\/v2\/users\/1"}],"replies":[{"embeddable":true,"href":"https:\/\/www.mathieuperona.fr\/index.php?rest_route=%2Fwp%2Fv2%2Fcomments&post=2"}],"version-history":[{"count":14,"href":"https:\/\/www.mathieuperona.fr\/index.php?rest_route=\/wp\/v2\/pages\/2\/revisions"}],"predecessor-version":[{"id":415,"href":"https:\/\/www.mathieuperona.fr\/index.php?rest_route=\/wp\/v2\/pages\/2\/revisions\/415"}],"wp:attachment":[{"href":"https:\/\/www.mathieuperona.fr\/index.php?rest_route=%2Fwp%2Fv2%2Fmedia&parent=2"}],"curies":[{"name":"wp","href":"https:\/\/api.w.org\/{rel}","templated":true}]}}